{"id":39,"date":"2017-04-27T12:28:34","date_gmt":"2017-04-27T09:28:34","guid":{"rendered":"https:\/\/bkmteknoloji.net\/?page_id=39"},"modified":"2022-03-04T19:21:34","modified_gmt":"2022-03-04T16:21:34","slug":"iletisim","status":"publish","type":"page","link":"https:\/\/bkmteknoloji.net\/index.php\/iletisim\/","title":{"rendered":"\u0130leti\u015fim"},"content":{"rendered":"<p>[vc_row full_width=&#8221;stretch_row_content_no_spaces&#8221;][vc_column]<div id=\"sc_googlemap_839644341_wrap\" class=\"sc_googlemap_wrap\"><div class=\"sc_googlemap_content color_style_default scheme_dark_wrap\"><div id=\"sc_googlemap_839644341\"\r\n\t\t\tclass=\"sc_googlemap sc_googlemap_default\"\r\n\t\t\t style=\"width:100%;height:420px;\"\t\t\tdata-zoom=\"13\"\r\n\t\t\tdata-style=\"greyscale\"\r\n\t\t\tdata-cluster-icon=\"\"\r\n        ><iframe\r\n                    src=\"https:\/\/maps.google.com\/maps?t=m&output=embed&iwloc=near&z=13&q=40.84409564949144,29.297129302644667\"\r\n                    scrolling=\"no\"\r\n                    marginheight=\"0\"\r\n                    marginwidth=\"0\"\r\n                    frameborder=\"0\"\r\n                    aria-label=\"One\"><\/iframe><\/div>\t\t\t<div class=\"sc_googlemap_content color_style_default scheme_dark sc_googlemap_content_default\"><div id=\"sc_icons_1402544719\" \r\n\tclass=\"sc_icons sc_icons_default sc_icons_size_small sc_align_left\"><div class=\"sc_icons_item\"><div id=\"sc_icons_1402544719_icon-untitled-1\" class=\"sc_icons_icon sc_icon_type_ icon-untitled-1\"\r\n\t\t\t\t\t\t\t\t\t\t\t\t><span class=\"sc_icon_type_ icon-untitled-1\"><\/span><\/div><div class=\"sc_icons_item_description\"><span>Evliya \u00c7elebi Mah. Gen\u00e7 Osman Cad. \u00d6zen Sk. No: 2\/3-A Tuzla-\u0130stanbul<\/span><\/div><\/div><div class=\"sc_icons_item sc_icons_item_linked\"><div id=\"sc_icons_1402544719_icon-untitled-3\" class=\"sc_icons_icon sc_icon_type_ icon-untitled-3\"\r\n\t\t\t\t\t\t\t\t\t\t\t\t><span class=\"sc_icon_type_ icon-untitled-3\"><\/span><\/div><div class=\"sc_icons_item_description\"><span>5432486481<\/span><\/div><a href=\"tel:05432486481\" class=\"sc_icons_item_link\"><\/a><\/div><div class=\"sc_icons_item sc_icons_item_linked\"><div id=\"sc_icons_1402544719_icon-untitled-2\" class=\"sc_icons_icon sc_icon_type_ icon-untitled-2\"\r\n\t\t\t\t\t\t\t\t\t\t\t\t><span class=\"sc_icon_type_ icon-untitled-2\"><\/span><\/div><div class=\"sc_icons_item_description\"><span>info@bkmteknoloji.net<\/span><\/div><a href=\"mailto:info@bkmteknoloji.net\" class=\"sc_icons_item_link\"><\/a><\/div><\/div><!-- \/.sc_icons --><\/div>\r\n\t\t<\/div>\r\n\t\t<\/div><!-- \/.sc_googlemap_wrap -->[\/vc_column][\/vc_row][vc_row][vc_column width=&#8221;2\/3&#8243; offset=&#8221;vc_col-lg-offset-2 vc_col-md-offset-2 vc_col-sm-offset-2&#8243;][vc_empty_space alter_height=&#8221;huge&#8221; hide_on_mobile=&#8221;&#8221; css=&#8221;.vc_custom_1494599867824{margin-bottom: -1.15rem !important;}&#8221;]<div id=\"sc_title_2097621008\"\r\n\t\tclass=\"sc_title color_style_default sc_title_orange  vc_custom_1646025227047\"><h3 class=\"sc_item_title sc_title_title sc_align_center sc_item_title_style_orange\">Bize Yaz\u0131n<\/h3><div class=\"sc_item_descr sc_title_descr sc_align_center\"><p>\u015eirketimiz ile ilgili d\u00fc\u015f\u00fcncelerinizi ,isteklerinizi bizimle payla\u015f\u0131n.<\/p>\n<\/div><\/div><!-- \/.sc_title -->\n<div class=\"wpcf7 no-js\" id=\"wpcf7-f763-o1\" lang=\"en-US\" dir=\"ltr\" data-wpcf7-id=\"763\">\n<div class=\"screen-reader-response\"><p role=\"status\" aria-live=\"polite\" aria-atomic=\"true\"><\/p> <ul><\/ul><\/div>\n<form action=\"\/index.php\/wp-json\/wp\/v2\/pages\/39#wpcf7-f763-o1\" method=\"post\" class=\"wpcf7-form init\" aria-label=\"Contact form\" novalidate=\"novalidate\" data-status=\"init\">\n<fieldset class=\"hidden-fields-container\"><input type=\"hidden\" name=\"_wpcf7\" value=\"763\" \/><input type=\"hidden\" name=\"_wpcf7_version\" value=\"6.1.2\" \/><input type=\"hidden\" name=\"_wpcf7_locale\" value=\"en_US\" \/><input type=\"hidden\" name=\"_wpcf7_unit_tag\" value=\"wpcf7-f763-o1\" \/><input type=\"hidden\" name=\"_wpcf7_container_post\" value=\"0\" \/><input type=\"hidden\" name=\"_wpcf7_posted_data_hash\" value=\"\" \/>\n<\/fieldset>\n<div class=\"contact_us\">\n\t<div class=\"flex\">\n\t\t<div class='itm row' >\n\t\t\t<p><span class=\"wpcf7-form-control-wrap\" data-name=\"your-name\"><input size=\"40\" maxlength=\"400\" class=\"wpcf7-form-control wpcf7-text wpcf7-validates-as-required\" aria-required=\"true\" aria-invalid=\"false\" placeholder=\"isim*\" value=\"\" type=\"text\" name=\"your-name\" \/><\/span>\n\t\t\t<\/p>\n\t\t<\/div>\n\t\t<div class='itm row'>\n\t\t\t<p><span class=\"wpcf7-form-control-wrap\" data-name=\"your-email\"><input size=\"40\" maxlength=\"400\" class=\"wpcf7-form-control wpcf7-text wpcf7-validates-as-required\" aria-required=\"true\" aria-invalid=\"false\" placeholder=\"e-mail*\" value=\"\" type=\"text\" name=\"your-email\" \/><\/span>\n\t\t\t<\/p>\n\t\t<\/div>\n\t<\/div>\n\t<div class=''>\n\t\t<p><span class=\"wpcf7-form-control-wrap\" data-name=\"your-message\"><textarea cols=\"40\" rows=\"10\" maxlength=\"2000\" class=\"wpcf7-form-control wpcf7-textarea wpcf7-validates-as-required\" aria-required=\"true\" aria-invalid=\"false\" placeholder=\"mesaj\u0131n\u0131z*\" name=\"your-message\"><\/textarea><\/span>\n\t\t<\/p>\n\t<\/div>\n\t<p><span class=\"wpcf7-form-control-wrap\" data-name=\"acceptance-157\"><span class=\"wpcf7-form-control wpcf7-acceptance\"><span class=\"wpcf7-list-item\"><label><input type=\"checkbox\" name=\"acceptance-157\" value=\"1\" aria-invalid=\"false\" \/><span class=\"wpcf7-list-item-label\">G\u00f6nderdi\u011fim verilerimin topland\u0131\u011f\u0131n\u0131 ve sakland\u0131\u011f\u0131n\u0131 kabul ediyorum.<\/span><\/label><\/span><\/span><\/span>\n\t<\/p>\n\t<div class=\"sc_form_field sc_form_field_button sc_form_field_submit\">\n\t\t<p><input class=\"wpcf7-form-control wpcf7-submit has-spinner\" type=\"submit\" value=\"G\u00f6nder\" \/>\n\t\t<\/p>\n\t<\/div>\n<\/div><p style=\"display: none !important;\" class=\"akismet-fields-container\" data-prefix=\"_wpcf7_ak_\"><label>&#916;<textarea name=\"_wpcf7_ak_hp_textarea\" cols=\"45\" rows=\"8\" maxlength=\"100\"><\/textarea><\/label><input type=\"hidden\" id=\"ak_js_1\" name=\"_wpcf7_ak_js\" value=\"237\"\/><script>document.getElementById( \"ak_js_1\" ).setAttribute( \"value\", ( new Date() ).getTime() );<\/script><\/p><div class=\"wpcf7-response-output\" aria-hidden=\"true\"><\/div>\n<\/form>\n<\/div>\n[vc_empty_space alter_height=&#8221;huge&#8221; hide_on_mobile=&#8221;&#8221; css=&#8221;.vc_custom_1494600982901{margin-bottom: -1.5rem !important;}&#8221;][\/vc_column][\/vc_row]<\/p>\n","protected":false},"excerpt":{"rendered":"<p>[vc_row full_width=&#8221;stretch_row_content_no_spaces&#8221;][vc_column][\/vc_column][\/vc_row][vc_row][vc_column width=&#8221;2\/3&#8243; offset=&#8221;vc_col-lg-offset-2 vc_col-md-offset-2 vc_col-sm-offset-2&#8243;][vc_empty_space alter_height=&#8221;huge&#8221; hide_on_mobile=&#8221;&#8221; css=&#8221;.vc_custom_1494599867824{margin-bottom: -1.15rem !important;}&#8221;][vc_empty_space alter_height=&#8221;huge&#8221; hide_on_mobile=&#8221;&#8221; css=&#8221;.vc_custom_1494600982901{margin-bottom: -1.5rem !important;}&#8221;][\/vc_column][\/vc_row]<\/p>\n","protected":false},"author":1,"featured_media":0,"parent":0,"menu_order":0,"comment_status":"closed","ping_status":"closed","template":"","meta":{"footnotes":""},"class_list":["post-39","page","type-page","status-publish","hentry"],"yoast_head":"<!-- This site is optimized with the Yoast SEO plugin v18.2 - https:\/\/yoast.com\/wordpress\/plugins\/seo\/ -->\n<title>\u0130leti\u015fim - BKM TEKNOLOJ\u0130-SUNUCU KURULUMU<\/title>\n<meta name=\"robots\" content=\"index, follow, max-snippet:-1, max-image-preview:large, max-video-preview:-1\" \/>\n<link rel=\"canonical\" href=\"https:\/\/bkmteknoloji.net\/index.php\/iletisim\/\" \/>\n<meta property=\"og:locale\" content=\"tr_TR\" \/>\n<meta property=\"og:type\" content=\"article\" \/>\n<meta property=\"og:title\" content=\"\u0130leti\u015fim - BKM TEKNOLOJ\u0130-SUNUCU KURULUMU\" \/>\n<meta property=\"og:description\" content=\"[vc_row full_width=&#8221;stretch_row_content_no_spaces&#8221;][vc_column][\/vc_column][\/vc_row][vc_row][vc_column width=&#8221;2\/3&#8243; offset=&#8221;vc_col-lg-offset-2 vc_col-md-offset-2 vc_col-sm-offset-2&#8243;][vc_empty_space alter_height=&#8221;huge&#8221; hide_on_mobile=&#8221;&#8221; css=&#8221;.vc_custom_1494599867824{margin-bottom: -1.15rem !important;}&#8221;][vc_empty_space alter_height=&#8221;huge&#8221; hide_on_mobile=&#8221;&#8221; css=&#8221;.vc_custom_1494600982901{margin-bottom: -1.5rem !important;}&#8221;][\/vc_column][\/vc_row]\" \/>\n<meta property=\"og:url\" content=\"https:\/\/bkmteknoloji.net\/index.php\/iletisim\/\" \/>\n<meta property=\"og:site_name\" content=\"BKM TEKNOLOJ\u0130-SUNUCU KURULUMU\" \/>\n<meta property=\"article:publisher\" content=\"https:\/\/www.facebook.com\/BkmTeknoloji34\" \/>\n<meta property=\"article:modified_time\" content=\"2022-03-04T16:21:34+00:00\" \/>\n<meta name=\"twitter:card\" content=\"summary_large_image\" \/>\n<meta name=\"twitter:label1\" content=\"Tahmini okuma s\u00fcresi\" \/>\n\t<meta name=\"twitter:data1\" content=\"1 dakika\" \/>\n<script type=\"application\/ld+json\" class=\"yoast-schema-graph\">{\"@context\":\"https:\/\/schema.org\",\"@graph\":[{\"@type\":\"Organization\",\"@id\":\"https:\/\/bkmteknoloji.net\/#organization\",\"name\":\"bkm teknoloji\",\"url\":\"https:\/\/bkmteknoloji.net\/\",\"sameAs\":[\"https:\/\/www.facebook.com\/BkmTeknoloji34\"],\"logo\":{\"@type\":\"ImageObject\",\"@id\":\"https:\/\/bkmteknoloji.net\/#logo\",\"inLanguage\":\"tr\",\"url\":\"https:\/\/bkmteknoloji.net\/wp-content\/uploads\/2017\/04\/ca1ef28b-cb8b-43dc-9250-812f7390de3e.jpg\",\"contentUrl\":\"https:\/\/bkmteknoloji.net\/wp-content\/uploads\/2017\/04\/ca1ef28b-cb8b-43dc-9250-812f7390de3e.jpg\",\"width\":880,\"height\":497,\"caption\":\"bkm teknoloji\"},\"image\":{\"@id\":\"https:\/\/bkmteknoloji.net\/#logo\"}},{\"@type\":\"WebSite\",\"@id\":\"https:\/\/bkmteknoloji.net\/#website\",\"url\":\"https:\/\/bkmteknoloji.net\/\",\"name\":\"BKM TEKNOLOJ\u0130-SUNUCU KURULUMU\",\"description\":\"B\u0130LG\u0130SAYAR S\u0130STEMLER\u0130\",\"publisher\":{\"@id\":\"https:\/\/bkmteknoloji.net\/#organization\"},\"potentialAction\":[{\"@type\":\"SearchAction\",\"target\":{\"@type\":\"EntryPoint\",\"urlTemplate\":\"https:\/\/bkmteknoloji.net\/?s={search_term_string}\"},\"query-input\":\"required name=search_term_string\"}],\"inLanguage\":\"tr\"},{\"@type\":\"WebPage\",\"@id\":\"https:\/\/bkmteknoloji.net\/index.php\/iletisim\/#webpage\",\"url\":\"https:\/\/bkmteknoloji.net\/index.php\/iletisim\/\",\"name\":\"\u0130leti\u015fim - BKM TEKNOLOJ\u0130-SUNUCU KURULUMU\",\"isPartOf\":{\"@id\":\"https:\/\/bkmteknoloji.net\/#website\"},\"datePublished\":\"2017-04-27T09:28:34+00:00\",\"dateModified\":\"2022-03-04T16:21:34+00:00\",\"breadcrumb\":{\"@id\":\"https:\/\/bkmteknoloji.net\/index.php\/iletisim\/#breadcrumb\"},\"inLanguage\":\"tr\",\"potentialAction\":[{\"@type\":\"ReadAction\",\"target\":[\"https:\/\/bkmteknoloji.net\/index.php\/iletisim\/\"]}]},{\"@type\":\"BreadcrumbList\",\"@id\":\"https:\/\/bkmteknoloji.net\/index.php\/iletisim\/#breadcrumb\",\"itemListElement\":[{\"@type\":\"ListItem\",\"position\":1,\"name\":\"Anasayfa\",\"item\":\"https:\/\/bkmteknoloji.net\/\"},{\"@type\":\"ListItem\",\"position\":2,\"name\":\"\u0130leti\u015fim\"}]}]}<\/script>\n<!-- \/ Yoast SEO plugin. -->","yoast_head_json":{"title":"\u0130leti\u015fim - BKM TEKNOLOJ\u0130-SUNUCU KURULUMU","robots":{"index":"index","follow":"follow","max-snippet":"max-snippet:-1","max-image-preview":"max-image-preview:large","max-video-preview":"max-video-preview:-1"},"canonical":"https:\/\/bkmteknoloji.net\/index.php\/iletisim\/","og_locale":"tr_TR","og_type":"article","og_title":"\u0130leti\u015fim - BKM TEKNOLOJ\u0130-SUNUCU KURULUMU","og_description":"[vc_row full_width=&#8221;stretch_row_content_no_spaces&#8221;][vc_column][\/vc_column][\/vc_row][vc_row][vc_column width=&#8221;2\/3&#8243; offset=&#8221;vc_col-lg-offset-2 vc_col-md-offset-2 vc_col-sm-offset-2&#8243;][vc_empty_space alter_height=&#8221;huge&#8221; hide_on_mobile=&#8221;&#8221; css=&#8221;.vc_custom_1494599867824{margin-bottom: -1.15rem !important;}&#8221;][vc_empty_space alter_height=&#8221;huge&#8221; hide_on_mobile=&#8221;&#8221; css=&#8221;.vc_custom_1494600982901{margin-bottom: -1.5rem !important;}&#8221;][\/vc_column][\/vc_row]","og_url":"https:\/\/bkmteknoloji.net\/index.php\/iletisim\/","og_site_name":"BKM TEKNOLOJ\u0130-SUNUCU KURULUMU","article_publisher":"https:\/\/www.facebook.com\/BkmTeknoloji34","article_modified_time":"2022-03-04T16:21:34+00:00","twitter_card":"summary_large_image","twitter_misc":{"Tahmini okuma s\u00fcresi":"1 dakika"},"schema":{"@context":"https:\/\/schema.org","@graph":[{"@type":"Organization","@id":"https:\/\/bkmteknoloji.net\/#organization","name":"bkm teknoloji","url":"https:\/\/bkmteknoloji.net\/","sameAs":["https:\/\/www.facebook.com\/BkmTeknoloji34"],"logo":{"@type":"ImageObject","@id":"https:\/\/bkmteknoloji.net\/#logo","inLanguage":"tr","url":"https:\/\/bkmteknoloji.net\/wp-content\/uploads\/2017\/04\/ca1ef28b-cb8b-43dc-9250-812f7390de3e.jpg","contentUrl":"https:\/\/bkmteknoloji.net\/wp-content\/uploads\/2017\/04\/ca1ef28b-cb8b-43dc-9250-812f7390de3e.jpg","width":880,"height":497,"caption":"bkm teknoloji"},"image":{"@id":"https:\/\/bkmteknoloji.net\/#logo"}},{"@type":"WebSite","@id":"https:\/\/bkmteknoloji.net\/#website","url":"https:\/\/bkmteknoloji.net\/","name":"BKM TEKNOLOJ\u0130-SUNUCU KURULUMU","description":"B\u0130LG\u0130SAYAR S\u0130STEMLER\u0130","publisher":{"@id":"https:\/\/bkmteknoloji.net\/#organization"},"potentialAction":[{"@type":"SearchAction","target":{"@type":"EntryPoint","urlTemplate":"https:\/\/bkmteknoloji.net\/?s={search_term_string}"},"query-input":"required name=search_term_string"}],"inLanguage":"tr"},{"@type":"WebPage","@id":"https:\/\/bkmteknoloji.net\/index.php\/iletisim\/#webpage","url":"https:\/\/bkmteknoloji.net\/index.php\/iletisim\/","name":"\u0130leti\u015fim - BKM TEKNOLOJ\u0130-SUNUCU KURULUMU","isPartOf":{"@id":"https:\/\/bkmteknoloji.net\/#website"},"datePublished":"2017-04-27T09:28:34+00:00","dateModified":"2022-03-04T16:21:34+00:00","breadcrumb":{"@id":"https:\/\/bkmteknoloji.net\/index.php\/iletisim\/#breadcrumb"},"inLanguage":"tr","potentialAction":[{"@type":"ReadAction","target":["https:\/\/bkmteknoloji.net\/index.php\/iletisim\/"]}]},{"@type":"BreadcrumbList","@id":"https:\/\/bkmteknoloji.net\/index.php\/iletisim\/#breadcrumb","itemListElement":[{"@type":"ListItem","position":1,"name":"Anasayfa","item":"https:\/\/bkmteknoloji.net\/"},{"@type":"ListItem","position":2,"name":"\u0130leti\u015fim"}]}]}},"_links":{"self":[{"href":"https:\/\/bkmteknoloji.net\/index.php\/wp-json\/wp\/v2\/pages\/39","targetHints":{"allow":["GET"]}}],"collection":[{"href":"https:\/\/bkmteknoloji.net\/index.php\/wp-json\/wp\/v2\/pages"}],"about":[{"href":"https:\/\/bkmteknoloji.net\/index.php\/wp-json\/wp\/v2\/types\/page"}],"author":[{"embeddable":true,"href":"https:\/\/bkmteknoloji.net\/index.php\/wp-json\/wp\/v2\/users\/1"}],"replies":[{"embeddable":true,"href":"https:\/\/bkmteknoloji.net\/index.php\/wp-json\/wp\/v2\/comments?post=39"}],"version-history":[{"count":5,"href":"https:\/\/bkmteknoloji.net\/index.php\/wp-json\/wp\/v2\/pages\/39\/revisions"}],"predecessor-version":[{"id":890,"href":"https:\/\/bkmteknoloji.net\/index.php\/wp-json\/wp\/v2\/pages\/39\/revisions\/890"}],"wp:attachment":[{"href":"https:\/\/bkmteknoloji.net\/index.php\/wp-json\/wp\/v2\/media?parent=39"}],"curies":[{"name":"wp","href":"https:\/\/api.w.org\/{rel}","templated":true}]}}