{"id":35,"date":"2017-04-27T12:27:56","date_gmt":"2017-04-27T09:27:56","guid":{"rendered":"https:\/\/bkmteknoloji.net\/?page_id=35"},"modified":"2022-03-11T20:36:02","modified_gmt":"2022-03-11T17:36:02","slug":"hakkimizda","status":"publish","type":"page","link":"https:\/\/bkmteknoloji.net\/index.php\/hakkimizda\/","title":{"rendered":"Hakk\u0131m\u0131zda"},"content":{"rendered":"<p>[vc_row equal_height=&#8221;yes&#8221; content_placement=&#8221;middle&#8221;][vc_column width=&#8221;1\/2&#8243;][vc_empty_space hide_on_mobile=&#8221;&#8221;]<div id=\"sc_title_2027348983\"\r\n\t\tclass=\"sc_title color_style_default sc_title_blue\"><h3 class=\"sc_item_title sc_title_title sc_align_left sc_item_title_style_blue\">Kurulu\u015fumuz<\/h3><div class=\"sc_item_descr sc_title_descr sc_align_left\"><p>2014 y\u0131l\u0131n\u0131n son \u00e7eyre\u011finde ticari hayata merhaba diyen Bkm Teknoloji, bilgisayar ,kamera ve bilgisayar,kamera par\u00e7alar\u0131 sat\u0131\u015f\u0131 (oem \u00fcr\u00fcnler), teknik destek , servis, bak\u0131m hizmetleri ile birlikte teknolojik geli\u015fmeler ile ilgili dan\u0131\u015fmanl\u0131k hizmetleri vermektedir. D\u00fcr\u00fcst hizmet ve sat\u0131\u015f politikas\u0131 ile \u00e7ok k\u0131sa s\u00fcrede sekt\u00f6rdeki \u00f6nemli firmalar aras\u0131na giren Bkm Teknoloji, bu politikas\u0131 ile uzun vadede yat\u0131r\u0131mlarla \u015firket yap\u0131s\u0131 ve portf\u00f6y\u00fcn\u00fc geli\u015ftirme \u00e7al\u0131\u015fmalar\u0131 i\u00e7erisindedir.<\/p>\n<\/div><\/div><!-- \/.sc_title -->[vc_empty_space hide_on_mobile=&#8221;&#8221; css=&#8221;.vc_custom_1494929021487{margin-bottom: -2.5rem !important;}&#8221;][vc_column_text]<\/p>\n<h2><\/h2>\n<ul class=\"trx_addons_list_plus\">\n<li>VER\u0130 KURTARMA VE YEDEKLEME<\/li>\n<li>Virus TEM\u0130ZL\u0130\u011e\u0130<\/li>\n<li>Wireless Networks<\/li>\n<li>UZAKTAN YARDIM<\/li>\n<li>b\u0130LG\u0130SAYAR bAKIM VE ONARIMI<\/li>\n<li>NAS KURULUMU<\/li>\n<li>SERVER KURULUMU VE BAKIMI<\/li>\n<\/ul>\n<p>[\/vc_column_text][vc_empty_space alter_height=&#8221;small&#8221; hide_on_mobile=&#8221;&#8221;]<a href=\"\/contact\/\" id=\"sc_button_1652564632\" class=\"sc_button color_style_link2 sc_button_default sc_button_size_large sc_button_icon_left\"><span class=\"sc_button_text\"><span class=\"sc_button_title\">\u0130leti\u015fime Ge\u00e7<\/span><\/span><!-- \/.sc_button_text --><\/a><!-- \/.sc_button -->[vc_empty_space hide_on_mobile=&#8221;&#8221; css=&#8221;.vc_custom_1494929045567{margin-bottom: 0rem !important;}&#8221;][\/vc_column][vc_column width=&#8221;1\/2&#8243;][vc_single_image image=&#8221;803&#8243; img_size=&#8221;full&#8221;][\/vc_column][\/vc_row]<\/p>\n","protected":false},"excerpt":{"rendered":"<p>[vc_row equal_height=&#8221;yes&#8221; content_placement=&#8221;middle&#8221;][vc_column width=&#8221;1\/2&#8243;][vc_empty_space hide_on_mobile=&#8221;&#8221;][vc_empty_space hide_on_mobile=&#8221;&#8221; css=&#8221;.vc_custom_1494929021487{margin-bottom: -2.5rem !important;}&#8221;][vc_column_text] VER\u0130 KURTARMA VE YEDEKLEME Virus TEM\u0130ZL\u0130\u011e\u0130 Wireless Networks UZAKTAN YARDIM b\u0130LG\u0130SAYAR bAKIM VE ONARIMI NAS KURULUMU SERVER KURULUMU VE BAKIMI [\/vc_column_text][vc_empty_space&hellip;<\/p>\n","protected":false},"author":1,"featured_media":0,"parent":0,"menu_order":0,"comment_status":"closed","ping_status":"closed","template":"","meta":{"footnotes":""},"class_list":["post-35","page","type-page","status-publish","hentry"],"yoast_head":"<!-- This site is optimized with the Yoast SEO plugin v18.2 - https:\/\/yoast.com\/wordpress\/plugins\/seo\/ -->\n<title>Hakk\u0131m\u0131zda - BKM TEKNOLOJ\u0130-SUNUCU KURULUMU<\/title>\n<meta name=\"robots\" content=\"index, follow, max-snippet:-1, max-image-preview:large, max-video-preview:-1\" \/>\n<link rel=\"canonical\" href=\"https:\/\/bkmteknoloji.net\/index.php\/hakkimizda\/\" \/>\n<meta property=\"og:locale\" content=\"tr_TR\" \/>\n<meta property=\"og:type\" content=\"article\" \/>\n<meta property=\"og:title\" content=\"Hakk\u0131m\u0131zda - BKM TEKNOLOJ\u0130-SUNUCU KURULUMU\" \/>\n<meta property=\"og:description\" content=\"[vc_row equal_height=&#8221;yes&#8221; content_placement=&#8221;middle&#8221;][vc_column width=&#8221;1\/2&#8243;][vc_empty_space hide_on_mobile=&#8221;&#8221;][vc_empty_space hide_on_mobile=&#8221;&#8221; css=&#8221;.vc_custom_1494929021487{margin-bottom: -2.5rem !important;}&#8221;][vc_column_text] VER\u0130 KURTARMA VE YEDEKLEME Virus TEM\u0130ZL\u0130\u011e\u0130 Wireless Networks UZAKTAN YARDIM b\u0130LG\u0130SAYAR bAKIM VE ONARIMI NAS KURULUMU SERVER KURULUMU VE BAKIMI [\/vc_column_text][vc_empty_space&hellip;\" \/>\n<meta property=\"og:url\" content=\"https:\/\/bkmteknoloji.net\/index.php\/hakkimizda\/\" \/>\n<meta property=\"og:site_name\" content=\"BKM TEKNOLOJ\u0130-SUNUCU KURULUMU\" \/>\n<meta property=\"article:publisher\" content=\"https:\/\/www.facebook.com\/BkmTeknoloji34\" \/>\n<meta property=\"article:modified_time\" content=\"2022-03-11T17:36:02+00:00\" \/>\n<meta name=\"twitter:card\" content=\"summary_large_image\" \/>\n<meta name=\"twitter:label1\" content=\"Tahmini okuma s\u00fcresi\" \/>\n\t<meta name=\"twitter:data1\" content=\"1 dakika\" \/>\n<script type=\"application\/ld+json\" class=\"yoast-schema-graph\">{\"@context\":\"https:\/\/schema.org\",\"@graph\":[{\"@type\":\"Organization\",\"@id\":\"https:\/\/bkmteknoloji.net\/#organization\",\"name\":\"bkm teknoloji\",\"url\":\"https:\/\/bkmteknoloji.net\/\",\"sameAs\":[\"https:\/\/www.facebook.com\/BkmTeknoloji34\"],\"logo\":{\"@type\":\"ImageObject\",\"@id\":\"https:\/\/bkmteknoloji.net\/#logo\",\"inLanguage\":\"tr\",\"url\":\"https:\/\/bkmteknoloji.net\/wp-content\/uploads\/2017\/04\/ca1ef28b-cb8b-43dc-9250-812f7390de3e.jpg\",\"contentUrl\":\"https:\/\/bkmteknoloji.net\/wp-content\/uploads\/2017\/04\/ca1ef28b-cb8b-43dc-9250-812f7390de3e.jpg\",\"width\":880,\"height\":497,\"caption\":\"bkm teknoloji\"},\"image\":{\"@id\":\"https:\/\/bkmteknoloji.net\/#logo\"}},{\"@type\":\"WebSite\",\"@id\":\"https:\/\/bkmteknoloji.net\/#website\",\"url\":\"https:\/\/bkmteknoloji.net\/\",\"name\":\"BKM TEKNOLOJ\u0130-SUNUCU KURULUMU\",\"description\":\"B\u0130LG\u0130SAYAR S\u0130STEMLER\u0130\",\"publisher\":{\"@id\":\"https:\/\/bkmteknoloji.net\/#organization\"},\"potentialAction\":[{\"@type\":\"SearchAction\",\"target\":{\"@type\":\"EntryPoint\",\"urlTemplate\":\"https:\/\/bkmteknoloji.net\/?s={search_term_string}\"},\"query-input\":\"required name=search_term_string\"}],\"inLanguage\":\"tr\"},{\"@type\":\"WebPage\",\"@id\":\"https:\/\/bkmteknoloji.net\/index.php\/hakkimizda\/#webpage\",\"url\":\"https:\/\/bkmteknoloji.net\/index.php\/hakkimizda\/\",\"name\":\"Hakk\u0131m\u0131zda - BKM TEKNOLOJ\u0130-SUNUCU KURULUMU\",\"isPartOf\":{\"@id\":\"https:\/\/bkmteknoloji.net\/#website\"},\"datePublished\":\"2017-04-27T09:27:56+00:00\",\"dateModified\":\"2022-03-11T17:36:02+00:00\",\"breadcrumb\":{\"@id\":\"https:\/\/bkmteknoloji.net\/index.php\/hakkimizda\/#breadcrumb\"},\"inLanguage\":\"tr\",\"potentialAction\":[{\"@type\":\"ReadAction\",\"target\":[\"https:\/\/bkmteknoloji.net\/index.php\/hakkimizda\/\"]}]},{\"@type\":\"BreadcrumbList\",\"@id\":\"https:\/\/bkmteknoloji.net\/index.php\/hakkimizda\/#breadcrumb\",\"itemListElement\":[{\"@type\":\"ListItem\",\"position\":1,\"name\":\"Anasayfa\",\"item\":\"https:\/\/bkmteknoloji.net\/\"},{\"@type\":\"ListItem\",\"position\":2,\"name\":\"Hakk\u0131m\u0131zda\"}]}]}<\/script>\n<!-- \/ Yoast SEO plugin. -->","yoast_head_json":{"title":"Hakk\u0131m\u0131zda - BKM TEKNOLOJ\u0130-SUNUCU KURULUMU","robots":{"index":"index","follow":"follow","max-snippet":"max-snippet:-1","max-image-preview":"max-image-preview:large","max-video-preview":"max-video-preview:-1"},"canonical":"https:\/\/bkmteknoloji.net\/index.php\/hakkimizda\/","og_locale":"tr_TR","og_type":"article","og_title":"Hakk\u0131m\u0131zda - BKM TEKNOLOJ\u0130-SUNUCU KURULUMU","og_description":"[vc_row equal_height=&#8221;yes&#8221; content_placement=&#8221;middle&#8221;][vc_column width=&#8221;1\/2&#8243;][vc_empty_space hide_on_mobile=&#8221;&#8221;][vc_empty_space hide_on_mobile=&#8221;&#8221; css=&#8221;.vc_custom_1494929021487{margin-bottom: -2.5rem !important;}&#8221;][vc_column_text] VER\u0130 KURTARMA VE YEDEKLEME Virus TEM\u0130ZL\u0130\u011e\u0130 Wireless Networks UZAKTAN YARDIM b\u0130LG\u0130SAYAR bAKIM VE ONARIMI NAS KURULUMU SERVER KURULUMU VE BAKIMI [\/vc_column_text][vc_empty_space&hellip;","og_url":"https:\/\/bkmteknoloji.net\/index.php\/hakkimizda\/","og_site_name":"BKM TEKNOLOJ\u0130-SUNUCU KURULUMU","article_publisher":"https:\/\/www.facebook.com\/BkmTeknoloji34","article_modified_time":"2022-03-11T17:36:02+00:00","twitter_card":"summary_large_image","twitter_misc":{"Tahmini okuma s\u00fcresi":"1 dakika"},"schema":{"@context":"https:\/\/schema.org","@graph":[{"@type":"Organization","@id":"https:\/\/bkmteknoloji.net\/#organization","name":"bkm teknoloji","url":"https:\/\/bkmteknoloji.net\/","sameAs":["https:\/\/www.facebook.com\/BkmTeknoloji34"],"logo":{"@type":"ImageObject","@id":"https:\/\/bkmteknoloji.net\/#logo","inLanguage":"tr","url":"https:\/\/bkmteknoloji.net\/wp-content\/uploads\/2017\/04\/ca1ef28b-cb8b-43dc-9250-812f7390de3e.jpg","contentUrl":"https:\/\/bkmteknoloji.net\/wp-content\/uploads\/2017\/04\/ca1ef28b-cb8b-43dc-9250-812f7390de3e.jpg","width":880,"height":497,"caption":"bkm teknoloji"},"image":{"@id":"https:\/\/bkmteknoloji.net\/#logo"}},{"@type":"WebSite","@id":"https:\/\/bkmteknoloji.net\/#website","url":"https:\/\/bkmteknoloji.net\/","name":"BKM TEKNOLOJ\u0130-SUNUCU KURULUMU","description":"B\u0130LG\u0130SAYAR S\u0130STEMLER\u0130","publisher":{"@id":"https:\/\/bkmteknoloji.net\/#organization"},"potentialAction":[{"@type":"SearchAction","target":{"@type":"EntryPoint","urlTemplate":"https:\/\/bkmteknoloji.net\/?s={search_term_string}"},"query-input":"required name=search_term_string"}],"inLanguage":"tr"},{"@type":"WebPage","@id":"https:\/\/bkmteknoloji.net\/index.php\/hakkimizda\/#webpage","url":"https:\/\/bkmteknoloji.net\/index.php\/hakkimizda\/","name":"Hakk\u0131m\u0131zda - BKM TEKNOLOJ\u0130-SUNUCU KURULUMU","isPartOf":{"@id":"https:\/\/bkmteknoloji.net\/#website"},"datePublished":"2017-04-27T09:27:56+00:00","dateModified":"2022-03-11T17:36:02+00:00","breadcrumb":{"@id":"https:\/\/bkmteknoloji.net\/index.php\/hakkimizda\/#breadcrumb"},"inLanguage":"tr","potentialAction":[{"@type":"ReadAction","target":["https:\/\/bkmteknoloji.net\/index.php\/hakkimizda\/"]}]},{"@type":"BreadcrumbList","@id":"https:\/\/bkmteknoloji.net\/index.php\/hakkimizda\/#breadcrumb","itemListElement":[{"@type":"ListItem","position":1,"name":"Anasayfa","item":"https:\/\/bkmteknoloji.net\/"},{"@type":"ListItem","position":2,"name":"Hakk\u0131m\u0131zda"}]}]}},"_links":{"self":[{"href":"https:\/\/bkmteknoloji.net\/index.php\/wp-json\/wp\/v2\/pages\/35","targetHints":{"allow":["GET"]}}],"collection":[{"href":"https:\/\/bkmteknoloji.net\/index.php\/wp-json\/wp\/v2\/pages"}],"about":[{"href":"https:\/\/bkmteknoloji.net\/index.php\/wp-json\/wp\/v2\/types\/page"}],"author":[{"embeddable":true,"href":"https:\/\/bkmteknoloji.net\/index.php\/wp-json\/wp\/v2\/users\/1"}],"replies":[{"embeddable":true,"href":"https:\/\/bkmteknoloji.net\/index.php\/wp-json\/wp\/v2\/comments?post=35"}],"version-history":[{"count":9,"href":"https:\/\/bkmteknoloji.net\/index.php\/wp-json\/wp\/v2\/pages\/35\/revisions"}],"predecessor-version":[{"id":962,"href":"https:\/\/bkmteknoloji.net\/index.php\/wp-json\/wp\/v2\/pages\/35\/revisions\/962"}],"wp:attachment":[{"href":"https:\/\/bkmteknoloji.net\/index.php\/wp-json\/wp\/v2\/media?parent=35"}],"curies":[{"name":"wp","href":"https:\/\/api.w.org\/{rel}","templated":true}]}}