{"id":30,"date":"2017-04-27T12:27:13","date_gmt":"2017-04-27T12:27:13","guid":{"rendered":"https:\/\/bkmteknoloji.net\/?page_id=30"},"modified":"2022-03-15T23:28:55","modified_gmt":"2022-03-15T20:28:55","slug":"hizmetlerimiz","status":"publish","type":"page","link":"https:\/\/bkmteknoloji.net\/index.php\/hizmetlerimiz\/","title":{"rendered":"Hizmetlerimiz"},"content":{"rendered":"<p>[vc_row full_width=&#8221;stretch_row&#8221; css=&#8221;.vc_custom_1494855550837{background-color: #f2f4f8 !important;}&#8221;][vc_column][vc_column_text]<\/p>\n<h3><\/h3>\n<h3><\/h3>\n<h3>Kurumsal Teknoloji Dan\u0131\u015fmanl\u0131k Hizmetimiz<\/h3>\n<p>Kurumsal Teknoloji Dan\u0131\u015fmanl\u0131k Hizmetimiz genel hatlar\u0131yla ikiye ayr\u0131l\u0131r \u015eirketinizin ihtiya\u00e7lar\u0131na g\u00f6re Projelendirme ve Projenin sonland\u0131r\u0131lmas\u0131 di\u011feri ise Y\u0131ll\u0131k Bak\u0131m Anla\u015fmas\u0131yla \u015firketinize dan\u0131\u015fmanl\u0131k hizmeti vermek ve projelerin kurulumlar\u0131n\u0131 yapmak ,<\/p>\n<p>\u015eirketinizin ihtiya\u00e7lar\u0131na g\u00f6re Teknoloji alt yap\u0131n\u0131za yat\u0131r\u0131m yapacaksan\u0131z e\u011fer ;<\/p>\n<ul>\n<li>Firman\u0131z\u0131n \u0130htiya\u00e7lar\u0131n\u0131z\u0131n analizi ,<\/li>\n<li>do\u011fru \u00fcr\u00fcn\u00fcn se\u00e7imi ,<\/li>\n<li>kurulumlar\u0131n yap\u0131land\u0131r\u0131lmas\u0131 ,<\/li>\n<li>sistemi y\u00f6netecek yada projenin biti\u015finden sonra kontrol\u00fcn\u00fc sa\u011flayacak ki\u015finin e\u011fitimine kadar devam eder..<\/li>\n<\/ul>\n<p>E\u011fer firmalar isterse projelerin devam\u0131nda ve IT alt yap\u0131s\u0131n\u0131da kapsayan anla\u015fmalar yapmakta bu anla\u015fmalar s\u00fcresince t\u00fcm hizmetler ve kontroller bizim taraf\u0131m\u0131zdan size raporlanarak yap\u0131lmaktad\u0131r&#8230;<\/p>\n<p>Dan\u0131\u015fmanl\u0131k hizmetini kapsayan bir anla\u015fma yapt\u0131\u011f\u0131n\u0131z takdirde<\/p>\n<p>Bilgi Teknolojileri Alt yap\u0131n\u0131z\u0131n t\u00fcm i\u015fleyi\u015fi ve geli\u015fimi bizim sorumlulu\u011fumuzda olmaktad\u0131r.<\/p>\n<p>Serverlardan , Kullanaca\u011f\u0131n\u0131z UPS , Kablolama , veri g\u00fcvenli\u011fi ve backup sistemlerine kadar her konuda size yard\u0131m etmek ve i\u015fleyi\u015fini her daim sa\u011flamak bizim g\u00f6revimiz.[\/vc_column_text]<div id=\"sc_services_1140869071\" class=\"sc_services color_style_default sc_services_light sc_services_featured_top  vc_custom_1646343074631\"><div class=\"sc_services_columns sc_item_columns sc_item_columns_4 trx_addons_columns_wrap columns_padding_bottom\"><div class=\"trx_addons_column-1_4\"><div class=\"sc_services_item without_content with_icon sc_services_item_featured_top\">\r\n\t<a href=\"https:\/\/bkmteknoloji.net\/index.php\/services\/teknik-servis\/\"\r\n\t\t\t id=\"sc_services_1140869071_icon-untitled-10\"\r\n\t\t\t class=\"sc_services_item_icon icon-untitled-10\"\r\n\t\t\t ><\/a>\t\r\n\t<div class=\"sc_services_item_info\">\r\n\t\t<div class=\"sc_services_item_header\">\r\n\t\t\t\t\t\t<h6 class=\"sc_services_item_title\"><a href=\"https:\/\/bkmteknoloji.net\/index.php\/services\/teknik-servis\/\">TEKN\u0130K SERV\u0130S<\/a><\/h6>\r\n\t\t\t<div class=\"sc_services_item_subtitle\"><a href=\"https:\/\/bkmteknoloji.net\/index.php\/services_group\/hizmetlerimiz\/\" title=\"View all posts in Hizmetlerimiz\">Hizmetlerimiz<\/a><\/div>\t\t<\/div>\r\n\t\t\t<\/div>\r\n<\/div>\r\n<\/div><div class=\"trx_addons_column-1_4\"><div class=\"sc_services_item without_content with_icon sc_services_item_featured_top\">\r\n\t<a href=\"https:\/\/bkmteknoloji.net\/index.php\/services\/virus-temizligi\/\"\r\n\t\t\t id=\"sc_services_1140869071_icon-tools-2\"\r\n\t\t\t class=\"sc_services_item_icon icon-tools-2\"\r\n\t\t\t ><\/a>\t\r\n\t<div class=\"sc_services_item_info\">\r\n\t\t<div class=\"sc_services_item_header\">\r\n\t\t\t\t\t\t<h6 class=\"sc_services_item_title\"><a href=\"https:\/\/bkmteknoloji.net\/index.php\/services\/virus-temizligi\/\">V\u0130RUS TEM\u0130ZL\u0130\u011e\u0130<\/a><\/h6>\r\n\t\t\t<div class=\"sc_services_item_subtitle\"><a href=\"https:\/\/bkmteknoloji.net\/index.php\/services_group\/hizmetlerimiz\/\" title=\"View all posts in Hizmetlerimiz\">Hizmetlerimiz<\/a><\/div>\t\t<\/div>\r\n\t\t\t<\/div>\r\n<\/div>\r\n<\/div><div class=\"trx_addons_column-1_4\"><div class=\"sc_services_item without_content with_icon sc_services_item_featured_top\">\r\n\t<a href=\"https:\/\/bkmteknoloji.net\/index.php\/services\/server-kurulumu-ve-bakimi\/\"\r\n\t\t\t id=\"sc_services_1140869071_icon-globe-light\"\r\n\t\t\t class=\"sc_services_item_icon icon-globe-light\"\r\n\t\t\t ><\/a>\t\r\n\t<div class=\"sc_services_item_info\">\r\n\t\t<div class=\"sc_services_item_header\">\r\n\t\t\t\t\t\t<h6 class=\"sc_services_item_title\"><a href=\"https:\/\/bkmteknoloji.net\/index.php\/services\/server-kurulumu-ve-bakimi\/\">SERVER KURULUMU VE BAKIMI<\/a><\/h6>\r\n\t\t\t<div class=\"sc_services_item_subtitle\"><a href=\"https:\/\/bkmteknoloji.net\/index.php\/services_group\/hizmetlerimiz\/\" title=\"View all posts in Hizmetlerimiz\">Hizmetlerimiz<\/a><\/div>\t\t<\/div>\r\n\t\t\t<\/div>\r\n<\/div>\r\n<\/div><div class=\"trx_addons_column-1_4\"><div class=\"sc_services_item without_content with_icon sc_services_item_featured_top\">\r\n\t<a href=\"https:\/\/bkmteknoloji.net\/index.php\/services\/nas-kurulumu\/\"\r\n\t\t\t id=\"sc_services_1140869071_icon-checkbox\"\r\n\t\t\t class=\"sc_services_item_icon icon-checkbox\"\r\n\t\t\t ><\/a>\t\r\n\t<div class=\"sc_services_item_info\">\r\n\t\t<div class=\"sc_services_item_header\">\r\n\t\t\t\t\t\t<h6 class=\"sc_services_item_title\"><a href=\"https:\/\/bkmteknoloji.net\/index.php\/services\/nas-kurulumu\/\">NAS KURULUMU<\/a><\/h6>\r\n\t\t\t<div class=\"sc_services_item_subtitle\"><a href=\"https:\/\/bkmteknoloji.net\/index.php\/services_group\/hizmetlerimiz\/\" title=\"View all posts in Hizmetlerimiz\">Hizmetlerimiz<\/a><\/div>\t\t<\/div>\r\n\t\t\t<\/div>\r\n<\/div>\r\n<\/div><div class=\"trx_addons_column-1_4\"><div class=\"sc_services_item without_content with_icon sc_services_item_featured_top\">\r\n\t<a href=\"https:\/\/bkmteknoloji.net\/index.php\/services\/bilgisayar-bakim-ve-onarimi\/\"\r\n\t\t\t id=\"sc_services_1140869071_icon-refresh\"\r\n\t\t\t class=\"sc_services_item_icon icon-refresh\"\r\n\t\t\t ><\/a>\t\r\n\t<div class=\"sc_services_item_info\">\r\n\t\t<div class=\"sc_services_item_header\">\r\n\t\t\t\t\t\t<h6 class=\"sc_services_item_title\"><a href=\"https:\/\/bkmteknoloji.net\/index.php\/services\/bilgisayar-bakim-ve-onarimi\/\">B\u0130LG\u0130SAYAR BAKIM VE ONARIMI<\/a><\/h6>\r\n\t\t\t<div class=\"sc_services_item_subtitle\"><a href=\"https:\/\/bkmteknoloji.net\/index.php\/services_group\/hizmetlerimiz\/\" title=\"View all posts in Hizmetlerimiz\">Hizmetlerimiz<\/a><\/div>\t\t<\/div>\r\n\t\t\t<\/div>\r\n<\/div>\r\n<\/div><div class=\"trx_addons_column-1_4\"><div class=\"sc_services_item without_content with_icon sc_services_item_featured_top\">\r\n\t<a href=\"https:\/\/bkmteknoloji.net\/index.php\/services\/uzaktan-yardim\/\"\r\n\t\t\t id=\"sc_services_1140869071_icon-laptop\"\r\n\t\t\t class=\"sc_services_item_icon icon-laptop\"\r\n\t\t\t ><\/a>\t\r\n\t<div class=\"sc_services_item_info\">\r\n\t\t<div class=\"sc_services_item_header\">\r\n\t\t\t\t\t\t<h6 class=\"sc_services_item_title\"><a href=\"https:\/\/bkmteknoloji.net\/index.php\/services\/uzaktan-yardim\/\">UZAKTAN YARDIM<\/a><\/h6>\r\n\t\t\t<div class=\"sc_services_item_subtitle\"><a href=\"https:\/\/bkmteknoloji.net\/index.php\/services_group\/hizmetlerimiz\/\" title=\"View all posts in Hizmetlerimiz\">Hizmetlerimiz<\/a><\/div>\t\t<\/div>\r\n\t\t\t<\/div>\r\n<\/div>\r\n<\/div><div class=\"trx_addons_column-1_4\"><div class=\"sc_services_item without_content with_icon sc_services_item_featured_top\">\r\n\t<a href=\"https:\/\/bkmteknoloji.net\/index.php\/services\/kablosuz-aglar\/\"\r\n\t\t\t id=\"sc_services_1140869071_icon-rss\"\r\n\t\t\t class=\"sc_services_item_icon icon-rss\"\r\n\t\t\t ><\/a>\t\r\n\t<div class=\"sc_services_item_info\">\r\n\t\t<div class=\"sc_services_item_header\">\r\n\t\t\t\t\t\t<h6 class=\"sc_services_item_title\"><a href=\"https:\/\/bkmteknoloji.net\/index.php\/services\/kablosuz-aglar\/\">KABLOSUZ A\u011eLAR<\/a><\/h6>\r\n\t\t\t<div class=\"sc_services_item_subtitle\"><a href=\"https:\/\/bkmteknoloji.net\/index.php\/services_group\/hizmetlerimiz\/\" title=\"View all posts in Hizmetlerimiz\">Hizmetlerimiz<\/a><\/div>\t\t<\/div>\r\n\t\t\t<\/div>\r\n<\/div>\r\n<\/div><div class=\"trx_addons_column-1_4\"><div class=\"sc_services_item without_content with_icon sc_services_item_featured_top\">\r\n\t<a href=\"https:\/\/bkmteknoloji.net\/index.php\/services\/veri-kurtarma-ve-yedekleme\/\"\r\n\t\t\t id=\"sc_services_1140869071_icon-cogs\"\r\n\t\t\t class=\"sc_services_item_icon icon-cogs\"\r\n\t\t\t ><\/a>\t\r\n\t<div class=\"sc_services_item_info\">\r\n\t\t<div class=\"sc_services_item_header\">\r\n\t\t\t\t\t\t<h6 class=\"sc_services_item_title\"><a href=\"https:\/\/bkmteknoloji.net\/index.php\/services\/veri-kurtarma-ve-yedekleme\/\">VER\u0130 KURTARMA VE YEDEKLEME<\/a><\/h6>\r\n\t\t\t<div class=\"sc_services_item_subtitle\"><a href=\"https:\/\/bkmteknoloji.net\/index.php\/services_group\/hizmetlerimiz\/\" title=\"View all posts in Hizmetlerimiz\">Hizmetlerimiz<\/a><\/div>\t\t<\/div>\r\n\t\t\t<\/div>\r\n<\/div>\r\n<\/div><\/div><\/div><!-- \/.sc_services -->[vc_empty_space alter_height=&#8221;large&#8221; hide_on_mobile=&#8221;&#8221; css=&#8221;.vc_custom_1494854585139{margin-bottom: 2.4rem !important;}&#8221;][\/vc_column][\/vc_row][vc_row][vc_column][vc_images_carousel images=&#8221;960,959,958,957,956,955&#8243; img_size=&#8221;full&#8221;][\/vc_column][\/vc_row][vc_row][vc_column][\/vc_column][\/vc_row][vc_row][vc_column][\/vc_column][\/vc_row]<\/p>\n","protected":false},"excerpt":{"rendered":"<p>[vc_row full_width=&#8221;stretch_row&#8221; css=&#8221;.vc_custom_1494855550837{background-color: #f2f4f8 !important;}&#8221;][vc_column][vc_column_text] Kurumsal Teknoloji Dan\u0131\u015fmanl\u0131k Hizmetimiz Kurumsal Teknoloji Dan\u0131\u015fmanl\u0131k Hizmetimiz genel hatlar\u0131yla ikiye ayr\u0131l\u0131r \u015eirketinizin ihtiya\u00e7lar\u0131na g\u00f6re Projelendirme ve Projenin sonland\u0131r\u0131lmas\u0131 di\u011feri ise Y\u0131ll\u0131k Bak\u0131m Anla\u015fmas\u0131yla \u015firketinize&hellip;<\/p>\n","protected":false},"author":1,"featured_media":0,"parent":0,"menu_order":0,"comment_status":"closed","ping_status":"closed","template":"","meta":{"footnotes":""},"class_list":["post-30","page","type-page","status-publish","hentry"],"yoast_head":"<!-- This site is optimized with the Yoast SEO plugin v18.2 - https:\/\/yoast.com\/wordpress\/plugins\/seo\/ -->\n<title>Hizmetlerimiz - BKM TEKNOLOJ\u0130-SUNUCU KURULUMU<\/title>\n<meta name=\"robots\" content=\"index, follow, max-snippet:-1, max-image-preview:large, max-video-preview:-1\" \/>\n<link rel=\"canonical\" href=\"https:\/\/bkmteknoloji.net\/index.php\/hizmetlerimiz\/\" \/>\n<meta property=\"og:locale\" content=\"tr_TR\" \/>\n<meta property=\"og:type\" content=\"article\" \/>\n<meta property=\"og:title\" content=\"Hizmetlerimiz - BKM TEKNOLOJ\u0130-SUNUCU KURULUMU\" \/>\n<meta property=\"og:description\" content=\"[vc_row full_width=&#8221;stretch_row&#8221; css=&#8221;.vc_custom_1494855550837{background-color: #f2f4f8 !important;}&#8221;][vc_column][vc_column_text] Kurumsal Teknoloji Dan\u0131\u015fmanl\u0131k Hizmetimiz Kurumsal Teknoloji Dan\u0131\u015fmanl\u0131k Hizmetimiz genel hatlar\u0131yla ikiye ayr\u0131l\u0131r \u015eirketinizin ihtiya\u00e7lar\u0131na g\u00f6re Projelendirme ve Projenin sonland\u0131r\u0131lmas\u0131 di\u011feri ise Y\u0131ll\u0131k Bak\u0131m Anla\u015fmas\u0131yla \u015firketinize&hellip;\" \/>\n<meta property=\"og:url\" content=\"https:\/\/bkmteknoloji.net\/index.php\/hizmetlerimiz\/\" \/>\n<meta property=\"og:site_name\" content=\"BKM TEKNOLOJ\u0130-SUNUCU KURULUMU\" \/>\n<meta property=\"article:publisher\" content=\"https:\/\/www.facebook.com\/BkmTeknoloji34\" \/>\n<meta property=\"article:modified_time\" content=\"2022-03-15T20:28:55+00:00\" \/>\n<meta name=\"twitter:card\" content=\"summary_large_image\" \/>\n<meta name=\"twitter:label1\" content=\"Tahmini okuma s\u00fcresi\" \/>\n\t<meta name=\"twitter:data1\" content=\"2 dakika\" \/>\n<script type=\"application\/ld+json\" class=\"yoast-schema-graph\">{\"@context\":\"https:\/\/schema.org\",\"@graph\":[{\"@type\":\"Organization\",\"@id\":\"https:\/\/bkmteknoloji.net\/#organization\",\"name\":\"bkm teknoloji\",\"url\":\"https:\/\/bkmteknoloji.net\/\",\"sameAs\":[\"https:\/\/www.facebook.com\/BkmTeknoloji34\"],\"logo\":{\"@type\":\"ImageObject\",\"@id\":\"https:\/\/bkmteknoloji.net\/#logo\",\"inLanguage\":\"tr\",\"url\":\"https:\/\/bkmteknoloji.net\/wp-content\/uploads\/2017\/04\/ca1ef28b-cb8b-43dc-9250-812f7390de3e.jpg\",\"contentUrl\":\"https:\/\/bkmteknoloji.net\/wp-content\/uploads\/2017\/04\/ca1ef28b-cb8b-43dc-9250-812f7390de3e.jpg\",\"width\":880,\"height\":497,\"caption\":\"bkm teknoloji\"},\"image\":{\"@id\":\"https:\/\/bkmteknoloji.net\/#logo\"}},{\"@type\":\"WebSite\",\"@id\":\"https:\/\/bkmteknoloji.net\/#website\",\"url\":\"https:\/\/bkmteknoloji.net\/\",\"name\":\"BKM TEKNOLOJ\u0130-SUNUCU KURULUMU\",\"description\":\"B\u0130LG\u0130SAYAR S\u0130STEMLER\u0130\",\"publisher\":{\"@id\":\"https:\/\/bkmteknoloji.net\/#organization\"},\"potentialAction\":[{\"@type\":\"SearchAction\",\"target\":{\"@type\":\"EntryPoint\",\"urlTemplate\":\"https:\/\/bkmteknoloji.net\/?s={search_term_string}\"},\"query-input\":\"required name=search_term_string\"}],\"inLanguage\":\"tr\"},{\"@type\":\"WebPage\",\"@id\":\"https:\/\/bkmteknoloji.net\/index.php\/hizmetlerimiz\/#webpage\",\"url\":\"https:\/\/bkmteknoloji.net\/index.php\/hizmetlerimiz\/\",\"name\":\"Hizmetlerimiz - BKM TEKNOLOJ\u0130-SUNUCU KURULUMU\",\"isPartOf\":{\"@id\":\"https:\/\/bkmteknoloji.net\/#website\"},\"datePublished\":\"2017-04-27T12:27:13+00:00\",\"dateModified\":\"2022-03-15T20:28:55+00:00\",\"breadcrumb\":{\"@id\":\"https:\/\/bkmteknoloji.net\/index.php\/hizmetlerimiz\/#breadcrumb\"},\"inLanguage\":\"tr\",\"potentialAction\":[{\"@type\":\"ReadAction\",\"target\":[\"https:\/\/bkmteknoloji.net\/index.php\/hizmetlerimiz\/\"]}]},{\"@type\":\"BreadcrumbList\",\"@id\":\"https:\/\/bkmteknoloji.net\/index.php\/hizmetlerimiz\/#breadcrumb\",\"itemListElement\":[{\"@type\":\"ListItem\",\"position\":1,\"name\":\"Anasayfa\",\"item\":\"https:\/\/bkmteknoloji.net\/\"},{\"@type\":\"ListItem\",\"position\":2,\"name\":\"Hizmetlerimiz\"}]}]}<\/script>\n<!-- \/ Yoast SEO plugin. -->","yoast_head_json":{"title":"Hizmetlerimiz - BKM TEKNOLOJ\u0130-SUNUCU KURULUMU","robots":{"index":"index","follow":"follow","max-snippet":"max-snippet:-1","max-image-preview":"max-image-preview:large","max-video-preview":"max-video-preview:-1"},"canonical":"https:\/\/bkmteknoloji.net\/index.php\/hizmetlerimiz\/","og_locale":"tr_TR","og_type":"article","og_title":"Hizmetlerimiz - BKM TEKNOLOJ\u0130-SUNUCU KURULUMU","og_description":"[vc_row full_width=&#8221;stretch_row&#8221; css=&#8221;.vc_custom_1494855550837{background-color: #f2f4f8 !important;}&#8221;][vc_column][vc_column_text] Kurumsal Teknoloji Dan\u0131\u015fmanl\u0131k Hizmetimiz Kurumsal Teknoloji Dan\u0131\u015fmanl\u0131k Hizmetimiz genel hatlar\u0131yla ikiye ayr\u0131l\u0131r \u015eirketinizin ihtiya\u00e7lar\u0131na g\u00f6re Projelendirme ve Projenin sonland\u0131r\u0131lmas\u0131 di\u011feri ise Y\u0131ll\u0131k Bak\u0131m Anla\u015fmas\u0131yla \u015firketinize&hellip;","og_url":"https:\/\/bkmteknoloji.net\/index.php\/hizmetlerimiz\/","og_site_name":"BKM TEKNOLOJ\u0130-SUNUCU KURULUMU","article_publisher":"https:\/\/www.facebook.com\/BkmTeknoloji34","article_modified_time":"2022-03-15T20:28:55+00:00","twitter_card":"summary_large_image","twitter_misc":{"Tahmini okuma s\u00fcresi":"2 dakika"},"schema":{"@context":"https:\/\/schema.org","@graph":[{"@type":"Organization","@id":"https:\/\/bkmteknoloji.net\/#organization","name":"bkm teknoloji","url":"https:\/\/bkmteknoloji.net\/","sameAs":["https:\/\/www.facebook.com\/BkmTeknoloji34"],"logo":{"@type":"ImageObject","@id":"https:\/\/bkmteknoloji.net\/#logo","inLanguage":"tr","url":"https:\/\/bkmteknoloji.net\/wp-content\/uploads\/2017\/04\/ca1ef28b-cb8b-43dc-9250-812f7390de3e.jpg","contentUrl":"https:\/\/bkmteknoloji.net\/wp-content\/uploads\/2017\/04\/ca1ef28b-cb8b-43dc-9250-812f7390de3e.jpg","width":880,"height":497,"caption":"bkm teknoloji"},"image":{"@id":"https:\/\/bkmteknoloji.net\/#logo"}},{"@type":"WebSite","@id":"https:\/\/bkmteknoloji.net\/#website","url":"https:\/\/bkmteknoloji.net\/","name":"BKM TEKNOLOJ\u0130-SUNUCU KURULUMU","description":"B\u0130LG\u0130SAYAR S\u0130STEMLER\u0130","publisher":{"@id":"https:\/\/bkmteknoloji.net\/#organization"},"potentialAction":[{"@type":"SearchAction","target":{"@type":"EntryPoint","urlTemplate":"https:\/\/bkmteknoloji.net\/?s={search_term_string}"},"query-input":"required name=search_term_string"}],"inLanguage":"tr"},{"@type":"WebPage","@id":"https:\/\/bkmteknoloji.net\/index.php\/hizmetlerimiz\/#webpage","url":"https:\/\/bkmteknoloji.net\/index.php\/hizmetlerimiz\/","name":"Hizmetlerimiz - BKM TEKNOLOJ\u0130-SUNUCU KURULUMU","isPartOf":{"@id":"https:\/\/bkmteknoloji.net\/#website"},"datePublished":"2017-04-27T12:27:13+00:00","dateModified":"2022-03-15T20:28:55+00:00","breadcrumb":{"@id":"https:\/\/bkmteknoloji.net\/index.php\/hizmetlerimiz\/#breadcrumb"},"inLanguage":"tr","potentialAction":[{"@type":"ReadAction","target":["https:\/\/bkmteknoloji.net\/index.php\/hizmetlerimiz\/"]}]},{"@type":"BreadcrumbList","@id":"https:\/\/bkmteknoloji.net\/index.php\/hizmetlerimiz\/#breadcrumb","itemListElement":[{"@type":"ListItem","position":1,"name":"Anasayfa","item":"https:\/\/bkmteknoloji.net\/"},{"@type":"ListItem","position":2,"name":"Hizmetlerimiz"}]}]}},"_links":{"self":[{"href":"https:\/\/bkmteknoloji.net\/index.php\/wp-json\/wp\/v2\/pages\/30","targetHints":{"allow":["GET"]}}],"collection":[{"href":"https:\/\/bkmteknoloji.net\/index.php\/wp-json\/wp\/v2\/pages"}],"about":[{"href":"https:\/\/bkmteknoloji.net\/index.php\/wp-json\/wp\/v2\/types\/page"}],"author":[{"embeddable":true,"href":"https:\/\/bkmteknoloji.net\/index.php\/wp-json\/wp\/v2\/users\/1"}],"replies":[{"embeddable":true,"href":"https:\/\/bkmteknoloji.net\/index.php\/wp-json\/wp\/v2\/comments?post=30"}],"version-history":[{"count":17,"href":"https:\/\/bkmteknoloji.net\/index.php\/wp-json\/wp\/v2\/pages\/30\/revisions"}],"predecessor-version":[{"id":990,"href":"https:\/\/bkmteknoloji.net\/index.php\/wp-json\/wp\/v2\/pages\/30\/revisions\/990"}],"wp:attachment":[{"href":"https:\/\/bkmteknoloji.net\/index.php\/wp-json\/wp\/v2\/media?parent=30"}],"curies":[{"name":"wp","href":"https:\/\/api.w.org\/{rel}","templated":true}]}}